{"id":1272,"date":"2023-08-08T18:46:18","date_gmt":"2023-08-08T16:46:18","guid":{"rendered":"https:\/\/freixedes.com\/accesibilidad\/"},"modified":"2023-08-09T10:48:19","modified_gmt":"2023-08-09T08:48:19","slug":"accesibilidad","status":"publish","type":"page","link":"https:\/\/freixedes.com\/es\/accesibilidad\/","title":{"rendered":"Accesibilidad"},"content":{"rendered":"\t\t<div data-elementor-type=\"wp-page\" data-elementor-id=\"1272\" class=\"elementor elementor-1272 elementor-1270\" data-elementor-post-type=\"page\">\n\t\t\t\t\t\t\t<div class=\"elementor-element elementor-element-7c7bf03 e-flex e-con-boxed e-con\" data-id=\"7c7bf03\" data-element_type=\"container\" data-settings=\"{&quot;content_width&quot;:&quot;boxed&quot;}\">\n\t\t\t\t\t<div class=\"e-con-inner\">\n\t\t\t\t<div class=\"elementor-element elementor-element-d375fb8 elementor-widget elementor-widget-text-editor\" data-id=\"d375fb8\" data-element_type=\"widget\" data-widget_type=\"text-editor.default\">\n\t\t\t\t<div class=\"elementor-widget-container\">\n\t\t\t<style>\/*! elementor - v3.15.0 - 09-08-2023 *\/\n.elementor-widget-text-editor.elementor-drop-cap-view-stacked .elementor-drop-cap{background-color:#69727d;color:#fff}.elementor-widget-text-editor.elementor-drop-cap-view-framed .elementor-drop-cap{color:#69727d;border:3px solid;background-color:transparent}.elementor-widget-text-editor:not(.elementor-drop-cap-view-default) .elementor-drop-cap{margin-top:8px}.elementor-widget-text-editor:not(.elementor-drop-cap-view-default) .elementor-drop-cap-letter{width:1em;height:1em}.elementor-widget-text-editor .elementor-drop-cap{float:left;text-align:center;line-height:1;font-size:50px}.elementor-widget-text-editor .elementor-drop-cap-letter{display:inline-block}<\/style>\t\t\t\t<div class=\"et_pb_module et_pb_text et_pb_text_0 et_pb_text_align_left et_pb_bg_layout_light\">\n<div class=\"et_pb_text_inner\">\n<h1>ACCESIBILIDAD<\/h1>\n<\/div>\n<\/div>\n<div class=\"et_pb_module et_pb_text et_pb_text_1 et_pb_text_align_left et_pb_bg_layout_light\">\n<div class=\"et_pb_text_inner\">\n<p>Freixedes Dise\u00f1o y Rotulaci\u00f3n, se compromete a hacer que su sitio web, freixedes.com, sea accesible para todos los usuarios, incluyendo personas con discapacidades. Estamos comprometidos a garantizar que nuestro sitio web cumpla con las pautas de accesibilidad web de nivel AA de la WCAG 2.1.<\/p>\n<h2>SITUACI\u00d3N DE CUMPLIMIENTO<\/h2>\n<p>Las Pautas de Accesibilidad para el Contenido Web (WCAG) definen los requisitos para dise\u00f1adores y desarrolladores con el fin de mejorar la accesibilidad para personas con discapacidades. Se definen tres niveles de conformidad: Nivel A, Nivel AA y Nivel AAA. freixedes.com cumple parcialmente con WCAG 2.1 Nivel AA. Parcialmente conforme significa que algunas partes del contenido no cumplen completamente con el est\u00e1ndar de accesibilidad.<\/p>\n<h2>CONTENIDO NO ACCESIBLE<\/h2>\n<p>Podr\u00edan existir documentos ofim\u00e1ticos en PDF y otros formatos que no cumplan en su totalidad los requisitos de accesibilidad. Se pueden solicitar los documentos completamente accesibles desde el formulario de contacto.<\/p>\n<p>Podr\u00edan existir errores de c\u00f3digo puntuales de edici\u00f3n en alguna p\u00e1gina web.<\/p>\n<h2>FEEDBACK<\/h2>\n<p>Estamos comprometidos a seguir mejorando la accesibilidad de nuestro sitio web para garantizar que sea accesible para todos. Si tienes alguna pregunta o sugerencia, por favor cont\u00e1ctanos.<\/p>\n<p>S\u00edlvia Freixedes Mart\u00ednez<br>2 de junio de 2023<\/p>\n<\/div>\n<\/div>\t\t\t\t\t\t<\/div>\n\t\t\t\t<\/div>\n\t\t\t\t\t<\/div>\n\t\t\t\t<\/div>\n\t\t\t\t\t\t\t<\/div>\n\t\t","protected":false},"excerpt":{"rendered":"<p>ACCESIBILIDAD Freixedes Dise\u00f1o y Rotulaci\u00f3n, se compromete a hacer que su sitio web, freixedes.com, sea accesible para todos los usuarios, incluyendo personas con discapacidades. Estamos comprometidos a garantizar que nuestro sitio web cumpla con las pautas de accesibilidad web de nivel AA de la WCAG 2.1. SITUACI\u00d3N DE CUMPLIMIENTO Las Pautas de Accesibilidad para el [&hellip;]<\/p>\n","protected":false},"author":1,"featured_media":0,"parent":0,"menu_order":0,"comment_status":"closed","ping_status":"closed","template":"","meta":{"footnotes":""},"class_list":["post-1272","page","type-page","status-publish","hentry"],"_links":{"self":[{"href":"https:\/\/freixedes.com\/es\/wp-json\/wp\/v2\/pages\/1272","targetHints":{"allow":["GET"]}}],"collection":[{"href":"https:\/\/freixedes.com\/es\/wp-json\/wp\/v2\/pages"}],"about":[{"href":"https:\/\/freixedes.com\/es\/wp-json\/wp\/v2\/types\/page"}],"author":[{"embeddable":true,"href":"https:\/\/freixedes.com\/es\/wp-json\/wp\/v2\/users\/1"}],"replies":[{"embeddable":true,"href":"https:\/\/freixedes.com\/es\/wp-json\/wp\/v2\/comments?post=1272"}],"version-history":[{"count":5,"href":"https:\/\/freixedes.com\/es\/wp-json\/wp\/v2\/pages\/1272\/revisions"}],"predecessor-version":[{"id":1518,"href":"https:\/\/freixedes.com\/es\/wp-json\/wp\/v2\/pages\/1272\/revisions\/1518"}],"wp:attachment":[{"href":"https:\/\/freixedes.com\/es\/wp-json\/wp\/v2\/media?parent=1272"}],"curies":[{"name":"wp","href":"https:\/\/api.w.org\/{rel}","templated":true}]}}